{"id":8415,"date":"2025-04-08T14:40:12","date_gmt":"2025-04-08T14:40:12","guid":{"rendered":"https:\/\/quintadecabanas.com\/?page_id=8415"},"modified":"2026-03-13T14:25:53","modified_gmt":"2026-03-13T14:25:53","slug":"cookie-richtlinie","status":"publish","type":"page","link":"https:\/\/quintadecabanas.com\/de\/cookie-policy\/","title":{"rendered":"Cookie-Richtlinie"},"content":{"rendered":"<div data-elementor-type=\"wp-post\" data-elementor-id=\"8415\" class=\"elementor elementor-8415\" data-elementor-post-type=\"page\">\n\t\t\t\t<div data-dce-background-color=\"#ffffff\" data-dce-background-overlay-color=\"#00000029\" data-dce-background-overlay-image-url=\"https:\/\/quintadecabanas.com\/wp-content\/uploads\/2025\/04\/rio-douro-logomark-quinta-de-cabanas-white.svg\" class=\"elementor-element elementor-element-e4ec6a0 e-flex e-con-boxed e-con e-parent\" data-id=\"e4ec6a0\" data-element_type=\"container\" data-e-type=\"container\" data-settings=\"{&quot;background_background&quot;:&quot;classic&quot;}\">\n\t\t\t\t\t<div class=\"e-con-inner\">\n\t\t\t\t\t<\/div>\n\t\t\t\t<\/div>\n\t\t<div data-dce-background-overlay-image-url=\"https:\/\/quintadecabanas.com\/wp-content\/uploads\/2025\/04\/rio-douro-logomark-quinta-de-cabanas.svg\" class=\"elementor-element elementor-element-4d85c2a e-flex e-con-boxed e-con e-parent\" data-id=\"4d85c2a\" data-element_type=\"container\" data-e-type=\"container\">\n\t\t\t\t\t<div class=\"e-con-inner\">\n\t\t\t\t<div class=\"elementor-element elementor-element-f76b7f4 elementor-invisible elementor-widget elementor-widget-text-editor\" data-id=\"f76b7f4\" data-element_type=\"widget\" data-e-type=\"widget\" data-settings=\"{&quot;_animation&quot;:&quot;fadeIn&quot;,&quot;_animation_delay&quot;:600}\" data-widget_type=\"text-editor.default\">\n\t\t\t\t<div class=\"elementor-widget-container\">\n\t\t\t\t\t\t\t\t\t<p><b>WIE WIR COOKIES VERWENDEN<\/b>\u00a0<\/p><p>Cookies werden verwendet, um unseren Service zu verbessern. Einige der Cookies sind unerl\u00e4sslich, um die Funktionalit\u00e4t der Website zu gew\u00e4hrleisten, w\u00e4hrend andere dazu dienen, die Leistung und Erfahrung des Nutzers zu verbessern.<\/p><p><b>Wesentliche Cookies dienen dazu:<\/b><br \/>- merken Sie sich, was Sie in den Warenkorb legen<br \/>- Erinnern Sie sich an Ihren Fortschritt beim Auschecken<\/p><p><b>Funktionale Cookies dienen dazu:<\/b><br \/>- Ihr Datenkonto merken<br \/>- sicherstellen, dass Ihre Verbindung sicher ist<br \/>- Sicherstellung einer einheitlichen Darstellung der Website<br \/>- Unterst\u00fctzung per Chat<\/p><p><b>Performance-Cookies dienen dazu:<\/b><br \/>- die Leistung der Website zu verbessern, indem die Anzahl der von Ihnen besuchten Seiten reduziert wird<br \/>- Verbesserung der Nutzererfahrung<\/p><p><b>Zielgerichtete Cookies sind dazu bestimmt:<\/b><br \/>- erm\u00f6glichen es Ihnen, soziale Netzwerke zu teilen und zu nutzen<br \/>- Informationen an andere Websites senden, um die angezeigte Werbung anzupassen.<\/p><p><b>BEISPIELE F\u00dcR DIE VERWENDUNG VON COOKIES:<\/b><\/p><p>Cookies werden verwendet, um den Service f\u00fcr Sie zu verbessern, zum Beispiel:<br \/>- die Nutzung einiger Dienste, wie z. B. Zahlungsvorg\u00e4nge, zu erm\u00f6glichen, die ohne Cookies nicht m\u00f6glich w\u00e4ren<br \/>- es einem Dienst erm\u00f6glichen, Ihr Ger\u00e4t zu erkennen, damit Sie nicht st\u00e4ndig dieselben Daten angeben m\u00fcssen<br \/>- erkennen, dass Sie bereits einen Benutzernamen und ein Passwort eingegeben haben, als Sie sich mit dem Kundenbereich verbunden haben, so dass Sie dies nicht jedes Mal tun m\u00fcssen, wenn Sie eine Seite aufrufen<br \/>- Durch die Erfassung der Anzahl der Nutzer eines Dienstes stellen wir sicher, dass die Nutzung schnell erfolgt.<br \/>- die Analyse von Daten, um uns mitzuteilen, wie Sie die Dienste nutzen, damit wir sie verbessern k\u00f6nnen.<\/p><p>Wenn der Benutzer keine Cookies zul\u00e4sst, werden einige Seiten und Funktionen nicht wie erwartet funktionieren. Sie k\u00f6nnen dann zum Beispiel die Einkaufsliste nicht verwenden.<br \/>Wenn Sie die Cookies, die sich bereits auf Ihrem Computer befinden, l\u00f6schen m\u00f6chten, sehen Sie in der \u201cHilfe\u201d-Sektion Ihres Browsers nach.<br \/>Sie k\u00f6nnen mehr \u00fcber Cookies und deren Verwaltung auf der Website erfahren\u00a0<a href=\"http:\/\/www.aboutcookies.org\/\" target=\"_blank\" rel=\"noopener\">http:\/\/www.aboutcookies.org<\/a>\u00a0(Englisch) oder schauen Sie im Abschnitt \u201cHilfe\u201d Ihres Browsers nach.<\/p>\t\t\t\t\t\t\t\t<\/div>\n\t\t\t\t<\/div>\n\t\t\t\t\t<\/div>\n\t\t\t\t<\/div>\n\t\t\t\t<\/div>","protected":false},"excerpt":{"rendered":"<p>HOW WE USE COOKIES\u00a0 Cookies are used to improve our service. Some of the cookies are essential to ensure the functionality of the website, while others are designed to improve the user&#8217;s performance and experience. Essential cookies are designed to:&#8211; remember what you add to the cart&#8211; remember your progress at checkout Functional cookies are [&hellip;]<\/p>\n","protected":false},"author":15,"featured_media":0,"parent":0,"menu_order":0,"comment_status":"closed","ping_status":"closed","template":"elementor_header_footer","meta":{"site-sidebar-layout":"no-sidebar","site-content-layout":"page-builder","ast-site-content-layout":"full-width-container","site-content-style":"unboxed","site-sidebar-style":"unboxed","ast-global-header-display":"","ast-banner-title-visibility":"","ast-main-header-display":"","ast-hfb-above-header-display":"","ast-hfb-below-header-display":"","ast-hfb-mobile-header-display":"","site-post-title":"disabled","ast-breadcrumbs-content":"","ast-featured-img":"disabled","footer-sml-layout":"","ast-disable-related-posts":"","theme-transparent-header-meta":"enabled","adv-header-id-meta":"","stick-header-meta":"","header-above-stick-meta":"","header-main-stick-meta":"","header-below-stick-meta":"","astra-migrate-meta-layouts":"set","ast-page-background-enabled":"default","ast-page-background-meta":{"desktop":{"background-color":"","background-image":"","background-repeat":"repeat","background-position":"center center","background-size":"auto","background-attachment":"scroll","background-type":"","background-media":"","overlay-type":"","overlay-color":"","overlay-opacity":"","overlay-gradient":""},"tablet":{"background-color":"","background-image":"","background-repeat":"repeat","background-position":"center center","background-size":"auto","background-attachment":"scroll","background-type":"","background-media":"","overlay-type":"","overlay-color":"","overlay-opacity":"","overlay-gradient":""},"mobile":{"background-color":"","background-image":"","background-repeat":"repeat","background-position":"center center","background-size":"auto","background-attachment":"scroll","background-type":"","background-media":"","overlay-type":"","overlay-color":"","overlay-opacity":"","overlay-gradient":""}},"ast-content-background-meta":{"desktop":{"background-color":"var(--ast-global-color-5)","background-image":"","background-repeat":"repeat","background-position":"center center","background-size":"auto","background-attachment":"scroll","background-type":"","background-media":"","overlay-type":"","overlay-color":"","overlay-opacity":"","overlay-gradient":""},"tablet":{"background-color":"var(--ast-global-color-5)","background-image":"","background-repeat":"repeat","background-position":"center center","background-size":"auto","background-attachment":"scroll","background-type":"","background-media":"","overlay-type":"","overlay-color":"","overlay-opacity":"","overlay-gradient":""},"mobile":{"background-color":"var(--ast-global-color-5)","background-image":"","background-repeat":"repeat","background-position":"center center","background-size":"auto","background-attachment":"scroll","background-type":"","background-media":"","overlay-type":"","overlay-color":"","overlay-opacity":"","overlay-gradient":""}},"footnotes":""},"class_list":["post-8415","page","type-page","status-publish","hentry"],"_links":{"self":[{"href":"https:\/\/quintadecabanas.com\/de\/wp-json\/wp\/v2\/pages\/8415","targetHints":{"allow":["GET"]}}],"collection":[{"href":"https:\/\/quintadecabanas.com\/de\/wp-json\/wp\/v2\/pages"}],"about":[{"href":"https:\/\/quintadecabanas.com\/de\/wp-json\/wp\/v2\/types\/page"}],"author":[{"embeddable":true,"href":"https:\/\/quintadecabanas.com\/de\/wp-json\/wp\/v2\/users\/15"}],"replies":[{"embeddable":true,"href":"https:\/\/quintadecabanas.com\/de\/wp-json\/wp\/v2\/comments?post=8415"}],"version-history":[{"count":0,"href":"https:\/\/quintadecabanas.com\/de\/wp-json\/wp\/v2\/pages\/8415\/revisions"}],"wp:attachment":[{"href":"https:\/\/quintadecabanas.com\/de\/wp-json\/wp\/v2\/media?parent=8415"}],"curies":[{"name":"wp","href":"https:\/\/api.w.org\/{rel}","templated":true}]}}