{"id":8415,"date":"2025-04-08T14:40:12","date_gmt":"2025-04-08T14:40:12","guid":{"rendered":"https:\/\/quintadecabanas.com\/?page_id=8415"},"modified":"2026-03-13T14:25:53","modified_gmt":"2026-03-13T14:25:53","slug":"politica-de-cookies","status":"publish","type":"page","link":"https:\/\/quintadecabanas.com\/es\/cookie-policy\/","title":{"rendered":"Pol\u00edtica de cookies"},"content":{"rendered":"<div data-elementor-type=\"wp-post\" data-elementor-id=\"8415\" class=\"elementor elementor-8415\" data-elementor-post-type=\"page\">\n\t\t\t\t<div data-dce-background-color=\"#ffffff\" data-dce-background-overlay-color=\"#00000029\" data-dce-background-overlay-image-url=\"https:\/\/quintadecabanas.com\/wp-content\/uploads\/2025\/04\/rio-douro-logomark-quinta-de-cabanas-white.svg\" class=\"elementor-element elementor-element-e4ec6a0 e-flex e-con-boxed e-con e-parent\" data-id=\"e4ec6a0\" data-element_type=\"container\" data-e-type=\"container\" data-settings=\"{&quot;background_background&quot;:&quot;classic&quot;}\">\n\t\t\t\t\t<div class=\"e-con-inner\">\n\t\t\t\t\t<\/div>\n\t\t\t\t<\/div>\n\t\t<div data-dce-background-overlay-image-url=\"https:\/\/quintadecabanas.com\/wp-content\/uploads\/2025\/04\/rio-douro-logomark-quinta-de-cabanas.svg\" class=\"elementor-element elementor-element-4d85c2a e-flex e-con-boxed e-con e-parent\" data-id=\"4d85c2a\" data-element_type=\"container\" data-e-type=\"container\">\n\t\t\t\t\t<div class=\"e-con-inner\">\n\t\t\t\t<div class=\"elementor-element elementor-element-f76b7f4 elementor-invisible elementor-widget elementor-widget-text-editor\" data-id=\"f76b7f4\" data-element_type=\"widget\" data-e-type=\"widget\" data-settings=\"{&quot;_animation&quot;:&quot;fadeIn&quot;,&quot;_animation_delay&quot;:600}\" data-widget_type=\"text-editor.default\">\n\t\t\t\t<div class=\"elementor-widget-container\">\n\t\t\t\t\t\t\t\t\t<p><b>C\u00d3MO UTILIZAMOS LAS COOKIES<\/b>\u00a0<\/p><p>Las cookies se utilizan para mejorar nuestro servicio. Algunas de las cookies son esenciales para garantizar la funcionalidad del sitio web, mientras que otras est\u00e1n dise\u00f1adas para mejorar el rendimiento y la experiencia del usuario.<\/p><p><b>Las cookies esenciales est\u00e1n dise\u00f1adas para:<\/b><br \/>- recuerda lo que a\u00f1ades al carrito<br \/>- recuerde su progreso en la caja<\/p><p><b>Las cookies funcionales est\u00e1n dise\u00f1adas para:<\/b><br \/>- recuerde su cuenta de datos<br \/>- aseg\u00farese de que su conexi\u00f3n es segura<br \/>- garantizar la coherencia del sitio web<br \/>- asistencia por chat<\/p><p><b>Las cookies de rendimiento est\u00e1n dise\u00f1adas para:<\/b><br \/>- mejorar el rendimiento del sitio web reduciendo el n\u00famero de p\u00e1ginas visitadas<br \/>- mejorar la experiencia del usuario<\/p><p><b>Las cookies de segmentaci\u00f3n tienen por objeto:<\/b><br \/>- te permiten compartir y disfrutar de las redes sociales<br \/>- enviar informaci\u00f3n a otros sitios web para personalizar la publicidad mostrada.<\/p><p><b>EJEMPLOS DE USO DE COOKIES:<\/b><\/p><p>Las cookies se utilizan para mejorar el servicio que se le presta, por ejemplo:<br \/>- permitir el uso de algunos servicios, como el pago, que no ser\u00edan posibles sin cookies<br \/>- permitir que un servicio reconozca tu dispositivo para que no tengas que proporcionar constantemente los mismos datos<br \/>- reconocer que ya ha proporcionado un nombre de usuario y una contrase\u00f1a al conectarse al \u00e1rea de clientes para que no tenga que hacerlo cada vez que vaya a una p\u00e1gina.<br \/>- contabilizar cu\u00e1ntas personas utilizan un servicio, nos aseguramos de que el uso sea r\u00e1pido<br \/>- analizar datos que nos permitan saber c\u00f3mo utiliza usted los servicios para poder mejorarlos.<\/p><p>Si el usuario no permite las cookies, algunas p\u00e1ginas y caracter\u00edsticas no funcionar\u00e1n como se espera. Por ejemplo, no podr\u00e1 utilizar la lista de la compra.<br \/>Si desea eliminar las cookies que ya est\u00e1n en su ordenador, consulte la secci\u00f3n \u201cAyuda\u201d de su navegador.<br \/>Puede obtener m\u00e1s informaci\u00f3n sobre las cookies y c\u00f3mo gestionarlas en el sitio web\u00a0<a href=\"http:\/\/www.aboutcookies.org\/\" target=\"_blank\" rel=\"noopener\">http:\/\/www.aboutcookies.org<\/a>\u00a0(ingl\u00e9s) o consulta la secci\u00f3n \u201cAyuda\u201d de tu navegador.<\/p>\t\t\t\t\t\t\t\t<\/div>\n\t\t\t\t<\/div>\n\t\t\t\t\t<\/div>\n\t\t\t\t<\/div>\n\t\t\t\t<\/div>","protected":false},"excerpt":{"rendered":"<p>HOW WE USE COOKIES\u00a0 Cookies are used to improve our service. Some of the cookies are essential to ensure the functionality of the website, while others are designed to improve the user&#8217;s performance and experience. Essential cookies are designed to:&#8211; remember what you add to the cart&#8211; remember your progress at checkout Functional cookies are [&hellip;]<\/p>\n","protected":false},"author":15,"featured_media":0,"parent":0,"menu_order":0,"comment_status":"closed","ping_status":"closed","template":"elementor_header_footer","meta":{"site-sidebar-layout":"no-sidebar","site-content-layout":"page-builder","ast-site-content-layout":"full-width-container","site-content-style":"unboxed","site-sidebar-style":"unboxed","ast-global-header-display":"","ast-banner-title-visibility":"","ast-main-header-display":"","ast-hfb-above-header-display":"","ast-hfb-below-header-display":"","ast-hfb-mobile-header-display":"","site-post-title":"disabled","ast-breadcrumbs-content":"","ast-featured-img":"disabled","footer-sml-layout":"","ast-disable-related-posts":"","theme-transparent-header-meta":"enabled","adv-header-id-meta":"","stick-header-meta":"","header-above-stick-meta":"","header-main-stick-meta":"","header-below-stick-meta":"","astra-migrate-meta-layouts":"set","ast-page-background-enabled":"default","ast-page-background-meta":{"desktop":{"background-color":"","background-image":"","background-repeat":"repeat","background-position":"center center","background-size":"auto","background-attachment":"scroll","background-type":"","background-media":"","overlay-type":"","overlay-color":"","overlay-opacity":"","overlay-gradient":""},"tablet":{"background-color":"","background-image":"","background-repeat":"repeat","background-position":"center center","background-size":"auto","background-attachment":"scroll","background-type":"","background-media":"","overlay-type":"","overlay-color":"","overlay-opacity":"","overlay-gradient":""},"mobile":{"background-color":"","background-image":"","background-repeat":"repeat","background-position":"center center","background-size":"auto","background-attachment":"scroll","background-type":"","background-media":"","overlay-type":"","overlay-color":"","overlay-opacity":"","overlay-gradient":""}},"ast-content-background-meta":{"desktop":{"background-color":"var(--ast-global-color-5)","background-image":"","background-repeat":"repeat","background-position":"center center","background-size":"auto","background-attachment":"scroll","background-type":"","background-media":"","overlay-type":"","overlay-color":"","overlay-opacity":"","overlay-gradient":""},"tablet":{"background-color":"var(--ast-global-color-5)","background-image":"","background-repeat":"repeat","background-position":"center center","background-size":"auto","background-attachment":"scroll","background-type":"","background-media":"","overlay-type":"","overlay-color":"","overlay-opacity":"","overlay-gradient":""},"mobile":{"background-color":"var(--ast-global-color-5)","background-image":"","background-repeat":"repeat","background-position":"center center","background-size":"auto","background-attachment":"scroll","background-type":"","background-media":"","overlay-type":"","overlay-color":"","overlay-opacity":"","overlay-gradient":""}},"footnotes":""},"class_list":["post-8415","page","type-page","status-publish","hentry"],"_links":{"self":[{"href":"https:\/\/quintadecabanas.com\/es\/wp-json\/wp\/v2\/pages\/8415","targetHints":{"allow":["GET"]}}],"collection":[{"href":"https:\/\/quintadecabanas.com\/es\/wp-json\/wp\/v2\/pages"}],"about":[{"href":"https:\/\/quintadecabanas.com\/es\/wp-json\/wp\/v2\/types\/page"}],"author":[{"embeddable":true,"href":"https:\/\/quintadecabanas.com\/es\/wp-json\/wp\/v2\/users\/15"}],"replies":[{"embeddable":true,"href":"https:\/\/quintadecabanas.com\/es\/wp-json\/wp\/v2\/comments?post=8415"}],"version-history":[{"count":0,"href":"https:\/\/quintadecabanas.com\/es\/wp-json\/wp\/v2\/pages\/8415\/revisions"}],"wp:attachment":[{"href":"https:\/\/quintadecabanas.com\/es\/wp-json\/wp\/v2\/media?parent=8415"}],"curies":[{"name":"wp","href":"https:\/\/api.w.org\/{rel}","templated":true}]}}