{"id":8415,"date":"2025-04-08T14:40:12","date_gmt":"2025-04-08T14:40:12","guid":{"rendered":"https:\/\/quintadecabanas.com\/?page_id=8415"},"modified":"2026-03-13T14:25:53","modified_gmt":"2026-03-13T14:25:53","slug":"politique-en-matiere-de-cookies","status":"publish","type":"page","link":"https:\/\/quintadecabanas.com\/fr\/cookie-policy\/","title":{"rendered":"Politique en mati\u00e8re de cookies"},"content":{"rendered":"<div data-elementor-type=\"wp-post\" data-elementor-id=\"8415\" class=\"elementor elementor-8415\" data-elementor-post-type=\"page\">\n\t\t\t\t<div data-dce-background-color=\"#ffffff\" data-dce-background-overlay-color=\"#00000029\" data-dce-background-overlay-image-url=\"https:\/\/quintadecabanas.com\/wp-content\/uploads\/2025\/04\/rio-douro-logomark-quinta-de-cabanas-white.svg\" class=\"elementor-element elementor-element-e4ec6a0 e-flex e-con-boxed e-con e-parent\" data-id=\"e4ec6a0\" data-element_type=\"container\" data-e-type=\"container\" data-settings=\"{&quot;background_background&quot;:&quot;classic&quot;}\">\n\t\t\t\t\t<div class=\"e-con-inner\">\n\t\t\t\t\t<\/div>\n\t\t\t\t<\/div>\n\t\t<div data-dce-background-overlay-image-url=\"https:\/\/quintadecabanas.com\/wp-content\/uploads\/2025\/04\/rio-douro-logomark-quinta-de-cabanas.svg\" class=\"elementor-element elementor-element-4d85c2a e-flex e-con-boxed e-con e-parent\" data-id=\"4d85c2a\" data-element_type=\"container\" data-e-type=\"container\">\n\t\t\t\t\t<div class=\"e-con-inner\">\n\t\t\t\t<div class=\"elementor-element elementor-element-f76b7f4 elementor-invisible elementor-widget elementor-widget-text-editor\" data-id=\"f76b7f4\" data-element_type=\"widget\" data-e-type=\"widget\" data-settings=\"{&quot;_animation&quot;:&quot;fadeIn&quot;,&quot;_animation_delay&quot;:600}\" data-widget_type=\"text-editor.default\">\n\t\t\t\t<div class=\"elementor-widget-container\">\n\t\t\t\t\t\t\t\t\t<p><b>COMMENT NOUS UTILISONS LES COOKIES<\/b>\u00a0<\/p><p>Les cookies sont utilis\u00e9s pour am\u00e9liorer notre service. Certains cookies sont essentiels pour assurer la fonctionnalit\u00e9 du site web, tandis que d'autres sont con\u00e7us pour am\u00e9liorer les performances et l'exp\u00e9rience de l'utilisateur.<\/p><p><b>Les cookies essentiels sont con\u00e7us pour<\/b><br \/>- se souvenir de ce que l'on ajoute au panier<br \/>- se souvenir de vos progr\u00e8s au moment du paiement<\/p><p><b>Les cookies fonctionnels sont con\u00e7us pour<\/b><br \/>- m\u00e9moriser votre compte de donn\u00e9es<br \/>- s'assurer que la connexion est s\u00e9curis\u00e9e<br \/>- veiller \u00e0 ce que le site web soit affich\u00e9 de mani\u00e8re coh\u00e9rente<br \/>- assistance par chat<\/p><p><b>Les cookies de performance sont con\u00e7us pour<\/b><br \/>- am\u00e9liorer la performance du site web en r\u00e9duisant le nombre de pages que vous visitez<br \/>- am\u00e9liorer l'exp\u00e9rience de l'utilisateur<\/p><p><b>Les cookies de ciblage sont destin\u00e9s \u00e0 :<\/b><br \/>- vous permettre de partager et d'appr\u00e9cier les r\u00e9seaux sociaux<br \/>- envoyer des informations \u00e0 d'autres sites web pour personnaliser la publicit\u00e9 affich\u00e9e.<\/p><p><b>EXEMPLES D'UTILISATION DE COOKIES :<\/b><\/p><p>Les cookies sont utilis\u00e9s pour am\u00e9liorer le service qui vous est fourni, par exemple :<br \/>- permettre l'utilisation de certains services tels que le paiement, qui ne seraient pas possibles sans cookies<br \/>- permettre \u00e0 un service de reconna\u00eetre votre appareil afin que vous n'ayez pas \u00e0 fournir constamment les m\u00eames donn\u00e9es<br \/>- reconna\u00eetre que vous avez d\u00e9j\u00e0 fourni un nom d'utilisateur et un mot de passe lors de votre connexion \u00e0 l'espace client, de sorte que vous n'avez pas \u00e0 le faire chaque fois que vous allez sur une page<br \/>- en comptabilisant le nombre de personnes qui utilisent un service, nous nous assurons que l'utilisation est rapide<br \/>- l'analyse des donn\u00e9es pour nous permettre de savoir comment vous utilisez les services afin de les am\u00e9liorer.<\/p><p>Si l'utilisateur n'autorise pas les cookies, certaines pages et fonctionnalit\u00e9s ne fonctionneront pas comme pr\u00e9vu. Par exemple, vous ne pourrez pas utiliser la liste de courses.<br \/>Si vous souhaitez supprimer les cookies d\u00e9j\u00e0 pr\u00e9sents sur votre ordinateur, consultez la section \u201cAide\u201d de votre navigateur.<br \/>Vous pouvez en savoir plus sur les cookies et la mani\u00e8re de les g\u00e9rer sur le site\u00a0<a href=\"http:\/\/www.aboutcookies.org\/\" target=\"_blank\" rel=\"noopener\">http:\/\/www.aboutcookies.org<\/a>\u00a0(anglais) ou consultez la section \u201cAide\u201d de votre navigateur.<\/p>\t\t\t\t\t\t\t\t<\/div>\n\t\t\t\t<\/div>\n\t\t\t\t\t<\/div>\n\t\t\t\t<\/div>\n\t\t\t\t<\/div>","protected":false},"excerpt":{"rendered":"<p>HOW WE USE COOKIES\u00a0 Cookies are used to improve our service. Some of the cookies are essential to ensure the functionality of the website, while others are designed to improve the user&#8217;s performance and experience. Essential cookies are designed to:&#8211; remember what you add to the cart&#8211; remember your progress at checkout Functional cookies are [&hellip;]<\/p>\n","protected":false},"author":15,"featured_media":0,"parent":0,"menu_order":0,"comment_status":"closed","ping_status":"closed","template":"elementor_header_footer","meta":{"site-sidebar-layout":"no-sidebar","site-content-layout":"page-builder","ast-site-content-layout":"full-width-container","site-content-style":"unboxed","site-sidebar-style":"unboxed","ast-global-header-display":"","ast-banner-title-visibility":"","ast-main-header-display":"","ast-hfb-above-header-display":"","ast-hfb-below-header-display":"","ast-hfb-mobile-header-display":"","site-post-title":"disabled","ast-breadcrumbs-content":"","ast-featured-img":"disabled","footer-sml-layout":"","ast-disable-related-posts":"","theme-transparent-header-meta":"enabled","adv-header-id-meta":"","stick-header-meta":"","header-above-stick-meta":"","header-main-stick-meta":"","header-below-stick-meta":"","astra-migrate-meta-layouts":"set","ast-page-background-enabled":"default","ast-page-background-meta":{"desktop":{"background-color":"","background-image":"","background-repeat":"repeat","background-position":"center center","background-size":"auto","background-attachment":"scroll","background-type":"","background-media":"","overlay-type":"","overlay-color":"","overlay-opacity":"","overlay-gradient":""},"tablet":{"background-color":"","background-image":"","background-repeat":"repeat","background-position":"center center","background-size":"auto","background-attachment":"scroll","background-type":"","background-media":"","overlay-type":"","overlay-color":"","overlay-opacity":"","overlay-gradient":""},"mobile":{"background-color":"","background-image":"","background-repeat":"repeat","background-position":"center center","background-size":"auto","background-attachment":"scroll","background-type":"","background-media":"","overlay-type":"","overlay-color":"","overlay-opacity":"","overlay-gradient":""}},"ast-content-background-meta":{"desktop":{"background-color":"var(--ast-global-color-5)","background-image":"","background-repeat":"repeat","background-position":"center center","background-size":"auto","background-attachment":"scroll","background-type":"","background-media":"","overlay-type":"","overlay-color":"","overlay-opacity":"","overlay-gradient":""},"tablet":{"background-color":"var(--ast-global-color-5)","background-image":"","background-repeat":"repeat","background-position":"center center","background-size":"auto","background-attachment":"scroll","background-type":"","background-media":"","overlay-type":"","overlay-color":"","overlay-opacity":"","overlay-gradient":""},"mobile":{"background-color":"var(--ast-global-color-5)","background-image":"","background-repeat":"repeat","background-position":"center center","background-size":"auto","background-attachment":"scroll","background-type":"","background-media":"","overlay-type":"","overlay-color":"","overlay-opacity":"","overlay-gradient":""}},"footnotes":""},"class_list":["post-8415","page","type-page","status-publish","hentry"],"_links":{"self":[{"href":"https:\/\/quintadecabanas.com\/fr\/wp-json\/wp\/v2\/pages\/8415","targetHints":{"allow":["GET"]}}],"collection":[{"href":"https:\/\/quintadecabanas.com\/fr\/wp-json\/wp\/v2\/pages"}],"about":[{"href":"https:\/\/quintadecabanas.com\/fr\/wp-json\/wp\/v2\/types\/page"}],"author":[{"embeddable":true,"href":"https:\/\/quintadecabanas.com\/fr\/wp-json\/wp\/v2\/users\/15"}],"replies":[{"embeddable":true,"href":"https:\/\/quintadecabanas.com\/fr\/wp-json\/wp\/v2\/comments?post=8415"}],"version-history":[{"count":0,"href":"https:\/\/quintadecabanas.com\/fr\/wp-json\/wp\/v2\/pages\/8415\/revisions"}],"wp:attachment":[{"href":"https:\/\/quintadecabanas.com\/fr\/wp-json\/wp\/v2\/media?parent=8415"}],"curies":[{"name":"wp","href":"https:\/\/api.w.org\/{rel}","templated":true}]}}