{"id":8415,"date":"2025-04-08T14:40:12","date_gmt":"2025-04-08T14:40:12","guid":{"rendered":"https:\/\/quintadecabanas.com\/?page_id=8415"},"modified":"2026-03-13T14:25:53","modified_gmt":"2026-03-13T14:25:53","slug":"politica-de-cookies","status":"publish","type":"page","link":"https:\/\/quintadecabanas.com\/pt\/cookie-policy\/","title":{"rendered":"Pol\u00edtica de cookies"},"content":{"rendered":"<div data-elementor-type=\"wp-post\" data-elementor-id=\"8415\" class=\"elementor elementor-8415\" data-elementor-post-type=\"page\">\n\t\t\t\t<div data-dce-background-color=\"#ffffff\" data-dce-background-overlay-color=\"#00000029\" data-dce-background-overlay-image-url=\"https:\/\/quintadecabanas.com\/wp-content\/uploads\/2025\/04\/rio-douro-logomark-quinta-de-cabanas-white.svg\" class=\"elementor-element elementor-element-e4ec6a0 e-flex e-con-boxed e-con e-parent\" data-id=\"e4ec6a0\" data-element_type=\"container\" data-e-type=\"container\" data-settings=\"{&quot;background_background&quot;:&quot;classic&quot;}\">\n\t\t\t\t\t<div class=\"e-con-inner\">\n\t\t\t\t\t<\/div>\n\t\t\t\t<\/div>\n\t\t<div data-dce-background-overlay-image-url=\"https:\/\/quintadecabanas.com\/wp-content\/uploads\/2025\/04\/rio-douro-logomark-quinta-de-cabanas.svg\" class=\"elementor-element elementor-element-4d85c2a e-flex e-con-boxed e-con e-parent\" data-id=\"4d85c2a\" data-element_type=\"container\" data-e-type=\"container\">\n\t\t\t\t\t<div class=\"e-con-inner\">\n\t\t\t\t<div class=\"elementor-element elementor-element-f76b7f4 elementor-invisible elementor-widget elementor-widget-text-editor\" data-id=\"f76b7f4\" data-element_type=\"widget\" data-e-type=\"widget\" data-settings=\"{&quot;_animation&quot;:&quot;fadeIn&quot;,&quot;_animation_delay&quot;:600}\" data-widget_type=\"text-editor.default\">\n\t\t\t\t<div class=\"elementor-widget-container\">\n\t\t\t\t\t\t\t\t\t<p><b>COMO UTILIZAMOS OS COOKIES<\/b>\u00a0<\/p><p>Os cookies s\u00e3o utilizados para melhorar o nosso servi\u00e7o. Alguns dos cookies s\u00e3o essenciais para garantir a funcionalidade do s\u00edtio Web, enquanto outros s\u00e3o concebidos para melhorar o desempenho e a experi\u00eancia do utilizador.<\/p><p><b>Os cookies essenciais s\u00e3o concebidos para:<\/b><br \/>- lembrar-se do que adiciona ao carrinho<br \/>- recordar o seu progresso no checkout<\/p><p><b>Os cookies funcionais destinam-se a:<\/b><br \/>- recordar a sua conta de dados<br \/>- garantir que a sua liga\u00e7\u00e3o \u00e9 segura<br \/>- assegurar que o s\u00edtio Web \u00e9 apresentado de forma coerente<br \/>- apoio por chat<\/p><p><b>Os cookies de desempenho s\u00e3o concebidos para:<\/b><br \/>- melhorar o desempenho do s\u00edtio Web, reduzindo o n\u00famero de p\u00e1ginas que o utilizador visita<br \/>- melhorar a experi\u00eancia do utilizador<\/p><p><b>Os cookies de segmenta\u00e7\u00e3o destinam-se a:<\/b><br \/>- permitir-lhe partilhar e desfrutar das redes sociais<br \/>- enviar informa\u00e7\u00f5es a outros s\u00edtios Web para personalizar a publicidade apresentada.<\/p><p><b>EXEMPLOS DE UTILIZA\u00c7\u00c3O DE COOKIES:<\/b><\/p><p>Os cookies s\u00e3o utilizados para melhorar o servi\u00e7o prestado ao utilizador, por exemplo:<br \/>- permitir a utiliza\u00e7\u00e3o de alguns servi\u00e7os, como os de pagamento, que n\u00e3o seriam poss\u00edveis sem os cookies<br \/>- permitir que um servi\u00e7o reconhe\u00e7a o seu dispositivo para que n\u00e3o tenha de fornecer constantemente os mesmos dados<br \/>- reconhecer que o utilizador j\u00e1 forneceu um nome de utilizador e uma palavra-passe quando se ligou \u00e0 \u00e1rea de cliente, para que n\u00e3o tenha de o fazer sempre que acede a uma p\u00e1gina<br \/>- contabilizando o n\u00famero de pessoas que est\u00e3o a utilizar um servi\u00e7o, garantimos que a utiliza\u00e7\u00e3o \u00e9 r\u00e1pida<br \/>- analisar dados para nos informar sobre a forma como utiliza os servi\u00e7os, de modo a podermos melhor\u00e1-los.<\/p><p>Se o utilizador n\u00e3o permitir cookies, algumas p\u00e1ginas e funcionalidades n\u00e3o funcionar\u00e3o como esperado. Por exemplo, n\u00e3o ser\u00e1 poss\u00edvel utilizar a lista de compras.<br \/>Se quiser apagar os cookies j\u00e1 existentes no seu computador, consulte a sec\u00e7\u00e3o \u201cAjuda\u201d do seu browser.<br \/>Pode saber mais sobre cookies e como geri-los no s\u00edtio\u00a0<a href=\"http:\/\/www.aboutcookies.org\/\" target=\"_blank\" rel=\"noopener\">http:\/\/www.aboutcookies.org<\/a>\u00a0(ingl\u00eas) ou consulte a sec\u00e7\u00e3o \u201cAjuda\u201d do seu browser.<\/p>\t\t\t\t\t\t\t\t<\/div>\n\t\t\t\t<\/div>\n\t\t\t\t\t<\/div>\n\t\t\t\t<\/div>\n\t\t\t\t<\/div>","protected":false},"excerpt":{"rendered":"<p>HOW WE USE COOKIES\u00a0 Cookies are used to improve our service. Some of the cookies are essential to ensure the functionality of the website, while others are designed to improve the user&#8217;s performance and experience. Essential cookies are designed to:&#8211; remember what you add to the cart&#8211; remember your progress at checkout Functional cookies are [&hellip;]<\/p>\n","protected":false},"author":15,"featured_media":0,"parent":0,"menu_order":0,"comment_status":"closed","ping_status":"closed","template":"elementor_header_footer","meta":{"site-sidebar-layout":"no-sidebar","site-content-layout":"page-builder","ast-site-content-layout":"full-width-container","site-content-style":"unboxed","site-sidebar-style":"unboxed","ast-global-header-display":"","ast-banner-title-visibility":"","ast-main-header-display":"","ast-hfb-above-header-display":"","ast-hfb-below-header-display":"","ast-hfb-mobile-header-display":"","site-post-title":"disabled","ast-breadcrumbs-content":"","ast-featured-img":"disabled","footer-sml-layout":"","ast-disable-related-posts":"","theme-transparent-header-meta":"enabled","adv-header-id-meta":"","stick-header-meta":"","header-above-stick-meta":"","header-main-stick-meta":"","header-below-stick-meta":"","astra-migrate-meta-layouts":"set","ast-page-background-enabled":"default","ast-page-background-meta":{"desktop":{"background-color":"","background-image":"","background-repeat":"repeat","background-position":"center center","background-size":"auto","background-attachment":"scroll","background-type":"","background-media":"","overlay-type":"","overlay-color":"","overlay-opacity":"","overlay-gradient":""},"tablet":{"background-color":"","background-image":"","background-repeat":"repeat","background-position":"center center","background-size":"auto","background-attachment":"scroll","background-type":"","background-media":"","overlay-type":"","overlay-color":"","overlay-opacity":"","overlay-gradient":""},"mobile":{"background-color":"","background-image":"","background-repeat":"repeat","background-position":"center center","background-size":"auto","background-attachment":"scroll","background-type":"","background-media":"","overlay-type":"","overlay-color":"","overlay-opacity":"","overlay-gradient":""}},"ast-content-background-meta":{"desktop":{"background-color":"var(--ast-global-color-5)","background-image":"","background-repeat":"repeat","background-position":"center center","background-size":"auto","background-attachment":"scroll","background-type":"","background-media":"","overlay-type":"","overlay-color":"","overlay-opacity":"","overlay-gradient":""},"tablet":{"background-color":"var(--ast-global-color-5)","background-image":"","background-repeat":"repeat","background-position":"center center","background-size":"auto","background-attachment":"scroll","background-type":"","background-media":"","overlay-type":"","overlay-color":"","overlay-opacity":"","overlay-gradient":""},"mobile":{"background-color":"var(--ast-global-color-5)","background-image":"","background-repeat":"repeat","background-position":"center center","background-size":"auto","background-attachment":"scroll","background-type":"","background-media":"","overlay-type":"","overlay-color":"","overlay-opacity":"","overlay-gradient":""}},"footnotes":""},"class_list":["post-8415","page","type-page","status-publish","hentry"],"_links":{"self":[{"href":"https:\/\/quintadecabanas.com\/pt\/wp-json\/wp\/v2\/pages\/8415","targetHints":{"allow":["GET"]}}],"collection":[{"href":"https:\/\/quintadecabanas.com\/pt\/wp-json\/wp\/v2\/pages"}],"about":[{"href":"https:\/\/quintadecabanas.com\/pt\/wp-json\/wp\/v2\/types\/page"}],"author":[{"embeddable":true,"href":"https:\/\/quintadecabanas.com\/pt\/wp-json\/wp\/v2\/users\/15"}],"replies":[{"embeddable":true,"href":"https:\/\/quintadecabanas.com\/pt\/wp-json\/wp\/v2\/comments?post=8415"}],"version-history":[{"count":0,"href":"https:\/\/quintadecabanas.com\/pt\/wp-json\/wp\/v2\/pages\/8415\/revisions"}],"wp:attachment":[{"href":"https:\/\/quintadecabanas.com\/pt\/wp-json\/wp\/v2\/media?parent=8415"}],"curies":[{"name":"wp","href":"https:\/\/api.w.org\/{rel}","templated":true}]}}